{"id":7628,"date":"2021-09-29T15:40:21","date_gmt":"2021-09-29T13:40:21","guid":{"rendered":"https:\/\/prodiag.nl\/product\/systeme-dextraction-dacides-nucleiques-lab-aid-824s\/"},"modified":"2022-01-06T09:41:51","modified_gmt":"2022-01-06T08:41:51","slug":"systeme-dextraction-dacides-nucleiques-lab-aid-824s","status":"publish","type":"product","link":"https:\/\/prodiag.nl\/fr\/produit\/systeme-dextraction-dacides-nucleiques-lab-aid-824s\/","title":{"rendered":"Syst\u00e8me d&#8217;extraction d&#8217;acides nucl\u00e9iques Lab-Aid 824s"},"content":{"rendered":"<p>Syst\u00e8me d&#8217;extraction d&#8217;acides nucl\u00e9iques enti\u00e8rement automatis\u00e9 pour les tests PCR.<\/p>\n<p>Cadence de 1 \u00e0 24 \u00e9chantillons en 20 minutes.<\/p>\n","protected":false},"excerpt":{"rendered":"<p>Syst\u00e8me d&#8217;extraction d&#8217;acides nucl\u00e9iques enti\u00e8rement automatis\u00e9 pour les tests PCR.<\/p>\n<p>Cadence de 1 \u00e0 24 \u00e9chantillons en 20 minutes.<\/p>\n","protected":false},"featured_media":7015,"template":"","meta":{"_acf_changed":false,"_kad_blocks_custom_css":"","_kad_blocks_head_custom_js":"","_kad_blocks_body_custom_js":"","_kad_blocks_footer_custom_js":"","_kad_post_transparent":"default","_kad_post_title":"","_kad_post_layout":"default","_kad_post_sidebar_id":"","_kad_post_content_style":"default","_kad_post_vertical_padding":"default","_kad_post_feature":"","_kad_post_feature_position":"","_kad_post_header":false,"_kad_post_footer":false,"_kad_post_classname":""},"product_brand":[],"product_cat":[85,72,63],"product_tag":[],"class_list":{"0":"post-7628","1":"product","2":"type-product","3":"status-publish","4":"has-post-thumbnail","6":"product_cat-corona-rtpcr-testing-fr","7":"product_cat-equipment-fr","8":"product_cat-pour-les-professionnels","10":"first","11":"onbackorder","12":"taxable","13":"shipping-taxable","14":"purchasable","15":"product-type-simple","16":"entry","17":"content-bg","18":"loop-entry"},"acf":[],"taxonomy_info":{"product_cat":[{"value":85,"label":"Corona rtPCR testing"},{"value":72,"label":"\u00c9quipements"},{"value":63,"label":"Pour les professionnels"}]},"featured_image_src_large":["https:\/\/prodiag.nl\/wp-content\/uploads\/2021\/09\/Lab-Aid-824s.jpg.png",888,888,false],"author_info":[],"comment_info":"","_links":{"self":[{"href":"https:\/\/prodiag.nl\/fr\/wp-json\/wp\/v2\/product\/7628","targetHints":{"allow":["GET"]}}],"collection":[{"href":"https:\/\/prodiag.nl\/fr\/wp-json\/wp\/v2\/product"}],"about":[{"href":"https:\/\/prodiag.nl\/fr\/wp-json\/wp\/v2\/types\/product"}],"wp:featuredmedia":[{"embeddable":true,"href":"https:\/\/prodiag.nl\/fr\/wp-json\/wp\/v2\/media\/7015"}],"wp:attachment":[{"href":"https:\/\/prodiag.nl\/fr\/wp-json\/wp\/v2\/media?parent=7628"}],"wp:term":[{"taxonomy":"product_brand","embeddable":true,"href":"https:\/\/prodiag.nl\/fr\/wp-json\/wp\/v2\/product_brand?post=7628"},{"taxonomy":"product_cat","embeddable":true,"href":"https:\/\/prodiag.nl\/fr\/wp-json\/wp\/v2\/product_cat?post=7628"},{"taxonomy":"product_tag","embeddable":true,"href":"https:\/\/prodiag.nl\/fr\/wp-json\/wp\/v2\/product_tag?post=7628"}],"curies":[{"name":"wp","href":"https:\/\/api.w.org\/{rel}","templated":true}]}}