{"id":7631,"date":"2021-09-29T15:40:21","date_gmt":"2021-09-29T13:40:21","guid":{"rendered":"https:\/\/prodiag.nl\/product\/systeme-de-pcr-en-temps-reel-slan-48\/"},"modified":"2022-04-25T15:09:41","modified_gmt":"2022-04-25T13:09:41","slug":"systeme-de-pcr-en-temps-reel-slan-48","status":"publish","type":"product","link":"https:\/\/prodiag.nl\/fr\/produit\/systeme-de-pcr-en-temps-reel-slan-48\/","title":{"rendered":"Syst\u00e8me de PCR en temps r\u00e9el SLAN 48"},"content":{"rendered":"<p>Syst\u00e8me PCR 48 positions. Certificat CE : CE Zeesan (SLAN PCR).<\/p>\n<p><img loading=\"lazy\" decoding=\"async\" class=\"alignnone wp-image-8521 size-full\" src=\"https:\/\/prodiag.nl\/wp-content\/uploads\/2021\/09\/Technical-details-SLAN-48.png\" alt=\"\" width=\"818\" height=\"735\" srcset=\"https:\/\/prodiag.nl\/wp-content\/uploads\/2021\/09\/Technical-details-SLAN-48.png 818w, https:\/\/prodiag.nl\/wp-content\/uploads\/2021\/09\/Technical-details-SLAN-48-300x270.png 300w, https:\/\/prodiag.nl\/wp-content\/uploads\/2021\/09\/Technical-details-SLAN-48-768x690.png 768w, https:\/\/prodiag.nl\/wp-content\/uploads\/2021\/09\/Technical-details-SLAN-48-400x359.png 400w\" sizes=\"auto, (max-width: 818px) 100vw, 818px\" \/><\/p>\n<p><em>Mode d\u2019emploi complet disponible sur demande<\/em><\/p>\n","protected":false},"excerpt":{"rendered":"<p>Syst\u00e8me PCR 48 positions.<\/p>\n","protected":false},"featured_media":7922,"template":"","meta":{"_acf_changed":false,"_kad_blocks_custom_css":"","_kad_blocks_head_custom_js":"","_kad_blocks_body_custom_js":"","_kad_blocks_footer_custom_js":"","_kad_post_transparent":"default","_kad_post_title":"","_kad_post_layout":"default","_kad_post_sidebar_id":"","_kad_post_content_style":"default","_kad_post_vertical_padding":"default","_kad_post_feature":"","_kad_post_feature_position":"","_kad_post_header":false,"_kad_post_footer":false,"_kad_post_classname":""},"product_brand":[],"product_cat":[85,72],"product_tag":[],"class_list":{"0":"post-7631","1":"product","2":"type-product","3":"status-publish","4":"has-post-thumbnail","6":"product_cat-corona-rtpcr-testing-fr","7":"product_cat-equipment-fr","9":"first","10":"instock","11":"taxable","12":"shipping-taxable","13":"purchasable","14":"product-type-simple","15":"entry","16":"content-bg","17":"loop-entry"},"acf":[],"taxonomy_info":{"product_cat":[{"value":85,"label":"Corona rtPCR testing"},{"value":72,"label":"\u00c9quipements"}]},"featured_image_src_large":["https:\/\/prodiag.nl\/wp-content\/uploads\/2021\/09\/SLAN_v2.jpg",1000,1000,false],"author_info":[],"comment_info":"","_links":{"self":[{"href":"https:\/\/prodiag.nl\/fr\/wp-json\/wp\/v2\/product\/7631","targetHints":{"allow":["GET"]}}],"collection":[{"href":"https:\/\/prodiag.nl\/fr\/wp-json\/wp\/v2\/product"}],"about":[{"href":"https:\/\/prodiag.nl\/fr\/wp-json\/wp\/v2\/types\/product"}],"wp:featuredmedia":[{"embeddable":true,"href":"https:\/\/prodiag.nl\/fr\/wp-json\/wp\/v2\/media\/7922"}],"wp:attachment":[{"href":"https:\/\/prodiag.nl\/fr\/wp-json\/wp\/v2\/media?parent=7631"}],"wp:term":[{"taxonomy":"product_brand","embeddable":true,"href":"https:\/\/prodiag.nl\/fr\/wp-json\/wp\/v2\/product_brand?post=7631"},{"taxonomy":"product_cat","embeddable":true,"href":"https:\/\/prodiag.nl\/fr\/wp-json\/wp\/v2\/product_cat?post=7631"},{"taxonomy":"product_tag","embeddable":true,"href":"https:\/\/prodiag.nl\/fr\/wp-json\/wp\/v2\/product_tag?post=7631"}],"curies":[{"name":"wp","href":"https:\/\/api.w.org\/{rel}","templated":true}]}}